{"id":3255,"date":"2019-10-16T12:31:43","date_gmt":"2019-10-16T10:31:43","guid":{"rendered":"https:\/\/www.tablafina.com\/tablafina-malaga-nh-malaga\/"},"modified":"2025-11-17T14:17:34","modified_gmt":"2025-11-17T12:17:34","slug":"tablafina-malaga","status":"publish","type":"page","link":"https:\/\/www.tablafina.com\/en\/tablafina-malaga\/","title":{"rendered":"Tablafina M\u00e1laga"},"content":{"rendered":"[vc_row][vc_column width=&#8221;2\/3&#8243;][vc_custom_heading text=&#8221;Tablafina M\u00e1laga&#8221; font_container=&#8221;tag:h1|font_size:35px|text_align:left|color:%23b3bbc1&#8243; google_fonts=&#8221;font_family:Lato%3A100%2C100italic%2C300%2C300italic%2Cregular%2Citalic%2C700%2C700italic%2C900%2C900italic|font_style:900%20bold%20regular%3A900%3Anormal&#8221;][vc_custom_heading text=&#8221;NH M\u00e1laga&#8221; font_container=&#8221;tag:h2|font_size:20px|text_align:left|color:%23b3bbc1&#8243; google_fonts=&#8221;font_family:Lato%3A100%2C100italic%2C300%2C300italic%2Cregular%2Citalic%2C700%2C700italic%2C900%2C900italic|font_style:900%20bold%20regular%3A900%3Anormal&#8221; css=&#8221;.vc_custom_1763377807461{margin-bottom: 20px !important;}&#8221;][vc_custom_heading text=&#8221;Calle San Jacinto, 2, 29007 M\u00e1laga<br \/>\nTel: 952 07 13 23&#8243; font_container=&#8221;tag:h3|font_size:20px|text_align:left|color:%23b3bbc1&#8243; google_fonts=&#8221;font_family:Lato%3A100%2C100italic%2C300%2C300italic%2Cregular%2Citalic%2C700%2C700italic%2C900%2C900italic|font_style:900%20bold%20regular%3A900%3Anormal&#8221; css=&#8221;.vc_custom_1763377832959{margin-bottom: 20px !important;}&#8221;][\/vc_column][vc_column width=&#8221;1\/3&#8243;][\/vc_column][\/vc_row][vc_row][vc_column][vc_separator][\/vc_column][\/vc_row][vc_row][vc_column width=&#8221;1\/2&#8243; el_class=&#8221;contenido_restaurante&#8221;][vc_column_text]<strong>Tablafina M\u00e1laga<\/strong> offers a gastronomic proposal that combines the essence of Spanish cuisine with local flavors. Its menu integrates Malaga products and Andalusian classics in recipes that showcase the quality of the ingredients.<\/p>\n<p>Highlights include Iberian cured meats from Guijuelo and Jabugo, selected preserves, crafted tapas, and an exclusive selection of cheeses and wines, all rounded off with artisanal desserts. Display cases throughout the restaurant emphasize the importance of the product and create a bright, modern space ideal for sharing.<\/p>\n<p>You can enjoy this experience at <strong>NH M\u00e1laga<\/strong>, next to the Guadalmedina River and on its pleasant street-level terrace, just steps away from the historic center and the city\u2019s shopping district.[\/vc_column_text][vc_btn title=&#8221;MENU&#8221; color=&#8221;black&#8221; link=&#8221;url:https%3A%2F%2Fnh-webportal.stay-app.com%2Fdesktop%2Fwebview%2F3%2Frestaurant%2F133997%2F0%3FbubbleName%3DRestaurante%26id%3DVZqW|title:CARTA|target:%20_blank|&#8221;][\/vc_column][vc_column width=&#8221;1\/2&#8243;][vc_single_image image=&#8221;3214&#8243; img_size=&#8221;full&#8221; alignment=&#8221;center&#8221; css=&#8221;.vc_custom_1571063060038{margin-top: px !important;}&#8221;][\/vc_column][vc_column][vc_gmaps link=&#8221;#E-8_JTNDaWZyYW1lJTIwc3JjJTNEJTIyaHR0cHMlM0ElMkYlMkZ3d3cuZ29vZ2xlLmNvbSUyRm1hcHMlMkZlbWJlZCUzRnBiJTNEJTIxMW0xNCUyMTFtOCUyMTFtMyUyMTFkMTI3OTIuNjUzNzA3MzAxNzQ0JTIxMmQtNC40MjYzMzE4JTIxM2QzNi43MTg2MzYxJTIxM20yJTIxMWkxMDI0JTIxMmk3NjglMjE0ZjEzLjElMjEzbTMlMjExbTIlMjExczB4MCUyNTNBMHg1MDBiZjNiMjlmZDg0NzgxJTIxMnNSZXN0YXVyYW50ZSUyNTIwVGFibGFmaW5hJTI1MjBNJTI1QzMlMjVBMWxhZ2ElMjE1ZTAlMjEzbTIlMjExc2VzJTIxMnNlcyUyMTR2MTU3MTEzMzI2NDI1MyUyMTVtMiUyMTFzZXMlMjEyc2VzJTIyJTIwd2lkdGglM0QlMjI2MDAlMjIlMjBoZWlnaHQlM0QlMjI0NTAlMjIlMjBmcmFtZWJvcmRlciUzRCUyMjAlMjIlMjBzdHlsZSUzRCUyMmJvcmRlciUzQTAlM0IlMjIlMjBhbGxvd2Z1bGxzY3JlZW4lM0QlMjIlMjIlM0UlM0MlMkZpZnJhbWUlM0U=&#8221;][\/vc_column][\/vc_row][vc_row css=&#8221;.vc_custom_1522829976450{margin-top: 20px !important;}&#8221;][vc_column][vc_gallery type=&#8221;image_grid&#8221; images=&#8221;3878,2750,2722,2718,2710,2706,2674,2686,2590,2610,3238,3234,3230,3226,3222,3218,3214,3210&#8243;][vc_separator][\/vc_column][\/vc_row]\n","protected":false},"excerpt":{"rendered":"<p>[vc_row][vc_column width=&#8221;2\/3&#8243;][vc_custom_heading text=&#8221;Tablafina M\u00e1laga&#8221; font_container=&#8221;tag:h1|font_size:35px|text_align:left|color:%23b3bbc1&#8243; google_fonts=&#8221;font_family:Lato%3A100%2C100italic%2C300%2C300italic%2Cregular%2Citalic%2C700%2C700italic%2C900%2C900italic|font_style:900%20bold%20regular%3A900%3Anormal&#8221;][vc_custom_heading text=&#8221;NH M\u00e1laga&#8221; font_container=&#8221;tag:h2|font_size:20px|text_align:left|color:%23b3bbc1&#8243; google_fonts=&#8221;font_family:Lato%3A100%2C100italic%2C300%2C300italic%2Cregular%2Citalic%2C700%2C700italic%2C900%2C900italic|font_style:900%20bold%20regular%3A900%3Anormal&#8221; css=&#8221;.vc_custom_1763377807461{margin-bottom: 20px !important;}&#8221;][vc_custom_heading text=&#8221;Calle San Jacinto, 2, 29007 M\u00e1laga Tel: 952 07 13 23&#8243; font_container=&#8221;tag:h3|font_size:20px|text_align:left|color:%23b3bbc1&#8243; google_fonts=&#8221;font_family:Lato%3A100%2C100italic%2C300%2C300italic%2Cregular%2Citalic%2C700%2C700italic%2C900%2C900italic|font_style:900%20bold%20regular%3A900%3Anormal&#8221; css=&#8221;.vc_custom_1763377832959{margin-bottom: 20px !important;}&#8221;][\/vc_column][vc_column width=&#8221;1\/3&#8243;][\/vc_column][\/vc_row][vc_row][vc_column][vc_separator][\/vc_column][\/vc_row][vc_row][vc_column width=&#8221;1\/2&#8243; el_class=&#8221;contenido_restaurante&#8221;][vc_column_text]Tablafina M\u00e1laga offers a gastronomic proposal that combines the essence of Spanish cuisine with local flavors. Its menu integrates Malaga products and Andalusian classics [&hellip;]<\/p>\n","protected":false},"author":2,"featured_media":0,"parent":0,"menu_order":0,"comment_status":"closed","ping_status":"closed","template":"","meta":{"footnotes":""},"class_list":["post-3255","page","type-page","status-publish","hentry"],"yoast_head":"<!-- This site is optimized with the Yoast SEO plugin v24.6 - https:\/\/yoast.com\/wordpress\/plugins\/seo\/ -->\n<title>Tablafina NH | Tablafina M\u00e1laga NH M\u00e1laga<\/title>\n<meta name=\"description\" content=\"Tablafina M\u00e1laga opens its doors in the renovated NH M\u00e1laga Hotel. It lands in the city to delight the local people after its success in Madrid, Barcelona, Seville and Milan.\" \/>\n<meta name=\"robots\" content=\"index, follow, max-snippet:-1, max-image-preview:large, max-video-preview:-1\" \/>\n<link rel=\"canonical\" href=\"https:\/\/www.tablafina.com\/en\/tablafina-malaga\/\" \/>\n<meta property=\"og:locale\" content=\"en_US\" \/>\n<meta property=\"og:type\" content=\"article\" \/>\n<meta property=\"og:title\" content=\"Tablafina NH | Tablafina M\u00e1laga NH M\u00e1laga\" \/>\n<meta property=\"og:description\" content=\"Tablafina M\u00e1laga opens its doors in the renovated NH M\u00e1laga Hotel. It lands in the city to delight the local people after its success in Madrid, Barcelona, Seville and Milan.\" \/>\n<meta property=\"og:url\" content=\"https:\/\/www.tablafina.com\/en\/tablafina-malaga\/\" \/>\n<meta property=\"og:site_name\" content=\"Tablafina\" \/>\n<meta property=\"article:modified_time\" content=\"2025-11-17T12:17:34+00:00\" \/>\n<meta name=\"twitter:card\" content=\"summary_large_image\" \/>\n<meta name=\"twitter:label1\" content=\"Est. reading time\" \/>\n\t<meta name=\"twitter:data1\" content=\"2 minutes\" \/>\n<script type=\"application\/ld+json\" class=\"yoast-schema-graph\">{\"@context\":\"https:\/\/schema.org\",\"@graph\":[{\"@type\":\"WebPage\",\"@id\":\"https:\/\/www.tablafina.com\/en\/tablafina-malaga\/\",\"url\":\"https:\/\/www.tablafina.com\/en\/tablafina-malaga\/\",\"name\":\"Tablafina NH | Tablafina M\u00e1laga NH M\u00e1laga\",\"isPartOf\":{\"@id\":\"https:\/\/www.tablafina.com\/#website\"},\"datePublished\":\"2019-10-16T10:31:43+00:00\",\"dateModified\":\"2025-11-17T12:17:34+00:00\",\"description\":\"Tablafina M\u00e1laga opens its doors in the renovated NH M\u00e1laga Hotel. It lands in the city to delight the local people after its success in Madrid, Barcelona, Seville and Milan.\",\"breadcrumb\":{\"@id\":\"https:\/\/www.tablafina.com\/en\/tablafina-malaga\/#breadcrumb\"},\"inLanguage\":\"en-US\",\"potentialAction\":[{\"@type\":\"ReadAction\",\"target\":[\"https:\/\/www.tablafina.com\/en\/tablafina-malaga\/\"]}]},{\"@type\":\"BreadcrumbList\",\"@id\":\"https:\/\/www.tablafina.com\/en\/tablafina-malaga\/#breadcrumb\",\"itemListElement\":[{\"@type\":\"ListItem\",\"position\":1,\"name\":\"Portada\",\"item\":\"https:\/\/www.tablafina.com\/en\/\"},{\"@type\":\"ListItem\",\"position\":2,\"name\":\"Tablafina M\u00e1laga\"}]},{\"@type\":\"WebSite\",\"@id\":\"https:\/\/www.tablafina.com\/#website\",\"url\":\"https:\/\/www.tablafina.com\/\",\"name\":\"Tablafina\",\"description\":\"Embutidos, Conservas &amp; Tapas\",\"potentialAction\":[{\"@type\":\"SearchAction\",\"target\":{\"@type\":\"EntryPoint\",\"urlTemplate\":\"https:\/\/www.tablafina.com\/?s={search_term_string}\"},\"query-input\":{\"@type\":\"PropertyValueSpecification\",\"valueRequired\":true,\"valueName\":\"search_term_string\"}}],\"inLanguage\":\"en-US\"}]}<\/script>\n<!-- \/ Yoast SEO plugin. -->","yoast_head_json":{"title":"Tablafina NH | Tablafina M\u00e1laga NH M\u00e1laga","description":"Tablafina M\u00e1laga opens its doors in the renovated NH M\u00e1laga Hotel. It lands in the city to delight the local people after its success in Madrid, Barcelona, Seville and Milan.","robots":{"index":"index","follow":"follow","max-snippet":"max-snippet:-1","max-image-preview":"max-image-preview:large","max-video-preview":"max-video-preview:-1"},"canonical":"https:\/\/www.tablafina.com\/en\/tablafina-malaga\/","og_locale":"en_US","og_type":"article","og_title":"Tablafina NH | Tablafina M\u00e1laga NH M\u00e1laga","og_description":"Tablafina M\u00e1laga opens its doors in the renovated NH M\u00e1laga Hotel. It lands in the city to delight the local people after its success in Madrid, Barcelona, Seville and Milan.","og_url":"https:\/\/www.tablafina.com\/en\/tablafina-malaga\/","og_site_name":"Tablafina","article_modified_time":"2025-11-17T12:17:34+00:00","twitter_card":"summary_large_image","twitter_misc":{"Est. reading time":"2 minutes"},"schema":{"@context":"https:\/\/schema.org","@graph":[{"@type":"WebPage","@id":"https:\/\/www.tablafina.com\/en\/tablafina-malaga\/","url":"https:\/\/www.tablafina.com\/en\/tablafina-malaga\/","name":"Tablafina NH | Tablafina M\u00e1laga NH M\u00e1laga","isPartOf":{"@id":"https:\/\/www.tablafina.com\/#website"},"datePublished":"2019-10-16T10:31:43+00:00","dateModified":"2025-11-17T12:17:34+00:00","description":"Tablafina M\u00e1laga opens its doors in the renovated NH M\u00e1laga Hotel. It lands in the city to delight the local people after its success in Madrid, Barcelona, Seville and Milan.","breadcrumb":{"@id":"https:\/\/www.tablafina.com\/en\/tablafina-malaga\/#breadcrumb"},"inLanguage":"en-US","potentialAction":[{"@type":"ReadAction","target":["https:\/\/www.tablafina.com\/en\/tablafina-malaga\/"]}]},{"@type":"BreadcrumbList","@id":"https:\/\/www.tablafina.com\/en\/tablafina-malaga\/#breadcrumb","itemListElement":[{"@type":"ListItem","position":1,"name":"Portada","item":"https:\/\/www.tablafina.com\/en\/"},{"@type":"ListItem","position":2,"name":"Tablafina M\u00e1laga"}]},{"@type":"WebSite","@id":"https:\/\/www.tablafina.com\/#website","url":"https:\/\/www.tablafina.com\/","name":"Tablafina","description":"Embutidos, Conservas &amp; Tapas","potentialAction":[{"@type":"SearchAction","target":{"@type":"EntryPoint","urlTemplate":"https:\/\/www.tablafina.com\/?s={search_term_string}"},"query-input":{"@type":"PropertyValueSpecification","valueRequired":true,"valueName":"search_term_string"}}],"inLanguage":"en-US"}]}},"_links":{"self":[{"href":"https:\/\/www.tablafina.com\/en\/wp-json\/wp\/v2\/pages\/3255","targetHints":{"allow":["GET"]}}],"collection":[{"href":"https:\/\/www.tablafina.com\/en\/wp-json\/wp\/v2\/pages"}],"about":[{"href":"https:\/\/www.tablafina.com\/en\/wp-json\/wp\/v2\/types\/page"}],"author":[{"embeddable":true,"href":"https:\/\/www.tablafina.com\/en\/wp-json\/wp\/v2\/users\/2"}],"replies":[{"embeddable":true,"href":"https:\/\/www.tablafina.com\/en\/wp-json\/wp\/v2\/comments?post=3255"}],"version-history":[{"count":8,"href":"https:\/\/www.tablafina.com\/en\/wp-json\/wp\/v2\/pages\/3255\/revisions"}],"predecessor-version":[{"id":3926,"href":"https:\/\/www.tablafina.com\/en\/wp-json\/wp\/v2\/pages\/3255\/revisions\/3926"}],"wp:attachment":[{"href":"https:\/\/www.tablafina.com\/en\/wp-json\/wp\/v2\/media?parent=3255"}],"curies":[{"name":"wp","href":"https:\/\/api.w.org\/{rel}","templated":true}]}}